{"id":959,"date":"2021-01-31T23:22:42","date_gmt":"2021-01-31T23:22:42","guid":{"rendered":"https:\/\/pulec.com\/product\/pinot-gris\/"},"modified":"2021-05-10T12:15:37","modified_gmt":"2021-05-10T12:15:37","slug":"pinot-gris","status":"publish","type":"product","link":"https:\/\/pulec.com\/de\/izdelek\/pinot-gris\/","title":{"rendered":"Pinot gris"},"content":{"rendered":"<p><strong>Rebsorte(n)<\/strong><strong>:\u00a0<\/strong>Pinot gris<br \/>\n<strong>Weinlese<\/strong><strong>: <\/strong>Anfang September<strong><br \/>\n<\/strong><strong>Geschmacksangabe<\/strong><strong>:\u00a0<\/strong>trocken<\/p>\n<p><strong>Charakter:<br \/>\n<\/strong>Trockener und vollmundiger Wein, auch der Aristokrat under den Pinots genannt, der aber nicht f\u00fcr starke Aromen bekannt ist, jedoch f\u00fchlt man am Gaumen die reiche Reife der Trauben, die ein seidiges Gef\u00fchl erschafft. Der Wein bietet ein ausgepr\u00e4gtes Bukett, das an eine bl\u00fchende Akazie erinnert. Die Trauben haben eine grau-r\u00f6tliche Farbe, die dem Wein einen leichten rosafarbenen Ton verleihen.<\/p>\n<p><em>Jahrgang: 2019<\/em><br \/>\n<em>Alkoholgehalt: 14,00 % vol<\/em><\/p>\n","protected":false},"excerpt":{"rendered":"<p><strong>Empfehlung:<br \/>\n<\/strong>Als Aperitif und zu verschiedenen Vorspeisen mit Fleisch oder Fisch.<\/p>\n","protected":false},"featured_media":417,"template":"","meta":{"_acf_changed":false},"product_brand":[],"product_cat":[19],"product_tag":[],"class_list":{"0":"post-959","1":"product","2":"type-product","3":"status-publish","4":"has-post-thumbnail","6":"product_cat-classic-white","8":"first","9":"instock","10":"taxable","11":"shipping-taxable","12":"purchasable","13":"product-type-variable"},"acf":[],"yoast_head":"<!-- This site is optimized with the Yoast SEO plugin v26.5 - https:\/\/yoast.com\/wordpress\/plugins\/seo\/ -->\n<title>Pinot gris - Pulec wines \/ Vina Pulec, Brda<\/title>\n<meta name=\"robots\" content=\"index, follow, max-snippet:-1, max-image-preview:large, max-video-preview:-1\" \/>\n<link rel=\"canonical\" href=\"https:\/\/pulec.com\/de\/izdelek\/pinot-gris\/\" \/>\n<meta property=\"og:locale\" content=\"de_DE\" \/>\n<meta property=\"og:type\" content=\"article\" \/>\n<meta property=\"og:title\" content=\"Pinot gris - Pulec wines \/ Vina Pulec, Brda\" \/>\n<meta property=\"og:description\" content=\"Empfehlung: Als Aperitif und zu verschiedenen Vorspeisen mit Fleisch oder Fisch.\" \/>\n<meta property=\"og:url\" content=\"https:\/\/pulec.com\/de\/izdelek\/pinot-gris\/\" \/>\n<meta property=\"og:site_name\" content=\"Pulec wines \/ Vina Pulec, Brda\" \/>\n<meta property=\"article:modified_time\" content=\"2021-05-10T12:15:37+00:00\" \/>\n<meta property=\"og:image\" content=\"https:\/\/pulec.com\/wp-content\/uploads\/2021\/01\/Pulec-Sivi-pinot-0.75L-copy-1.jpg\" \/>\n\t<meta property=\"og:image:width\" content=\"450\" \/>\n\t<meta property=\"og:image:height\" content=\"1500\" \/>\n\t<meta property=\"og:image:type\" content=\"image\/jpeg\" \/>\n<meta name=\"twitter:card\" content=\"summary_large_image\" \/>\n<meta name=\"twitter:label1\" content=\"Gesch\u00e4tzte Lesezeit\" \/>\n\t<meta name=\"twitter:data1\" content=\"1\u00a0Minute\" \/>\n<script type=\"application\/ld+json\" class=\"yoast-schema-graph\">{\"@context\":\"https:\/\/schema.org\",\"@graph\":[{\"@type\":\"WebPage\",\"@id\":\"https:\/\/pulec.com\/de\/izdelek\/pinot-gris\/\",\"url\":\"https:\/\/pulec.com\/de\/izdelek\/pinot-gris\/\",\"name\":\"Pinot gris - Pulec wines \/ Vina Pulec, Brda\",\"isPartOf\":{\"@id\":\"https:\/\/pulec.com\/#website\"},\"primaryImageOfPage\":{\"@id\":\"https:\/\/pulec.com\/de\/izdelek\/pinot-gris\/#primaryimage\"},\"image\":{\"@id\":\"https:\/\/pulec.com\/de\/izdelek\/pinot-gris\/#primaryimage\"},\"thumbnailUrl\":\"https:\/\/pulec.com\/wp-content\/uploads\/2021\/01\/Pulec-Sivi-pinot-0.75L-copy-1.jpg\",\"datePublished\":\"2021-01-31T23:22:42+00:00\",\"dateModified\":\"2021-05-10T12:15:37+00:00\",\"breadcrumb\":{\"@id\":\"https:\/\/pulec.com\/de\/izdelek\/pinot-gris\/#breadcrumb\"},\"inLanguage\":\"de\",\"potentialAction\":[{\"@type\":\"ReadAction\",\"target\":[\"https:\/\/pulec.com\/de\/izdelek\/pinot-gris\/\"]}]},{\"@type\":\"ImageObject\",\"inLanguage\":\"de\",\"@id\":\"https:\/\/pulec.com\/de\/izdelek\/pinot-gris\/#primaryimage\",\"url\":\"https:\/\/pulec.com\/wp-content\/uploads\/2021\/01\/Pulec-Sivi-pinot-0.75L-copy-1.jpg\",\"contentUrl\":\"https:\/\/pulec.com\/wp-content\/uploads\/2021\/01\/Pulec-Sivi-pinot-0.75L-copy-1.jpg\",\"width\":450,\"height\":1500},{\"@type\":\"BreadcrumbList\",\"@id\":\"https:\/\/pulec.com\/de\/izdelek\/pinot-gris\/#breadcrumb\",\"itemListElement\":[{\"@type\":\"ListItem\",\"position\":1,\"name\":\"Home\",\"item\":\"https:\/\/pulec.com\/de\/\"},{\"@type\":\"ListItem\",\"position\":2,\"name\":\"Trgovina\",\"item\":\"https:\/\/pulec.com\/trgovina\/\"},{\"@type\":\"ListItem\",\"position\":3,\"name\":\"Pinot gris\"}]},{\"@type\":\"WebSite\",\"@id\":\"https:\/\/pulec.com\/#website\",\"url\":\"https:\/\/pulec.com\/\",\"name\":\"Pulec, vina &amp; posestvo \/ Pulec, wine &amp; estate\",\"description\":\"\",\"publisher\":{\"@id\":\"https:\/\/pulec.com\/#organization\"},\"potentialAction\":[{\"@type\":\"SearchAction\",\"target\":{\"@type\":\"EntryPoint\",\"urlTemplate\":\"https:\/\/pulec.com\/?s={search_term_string}\"},\"query-input\":{\"@type\":\"PropertyValueSpecification\",\"valueRequired\":true,\"valueName\":\"search_term_string\"}}],\"inLanguage\":\"de\"},{\"@type\":\"Organization\",\"@id\":\"https:\/\/pulec.com\/#organization\",\"name\":\"Vina Pulec \/ Pulec wines\",\"url\":\"https:\/\/pulec.com\/\",\"logo\":{\"@type\":\"ImageObject\",\"inLanguage\":\"de\",\"@id\":\"https:\/\/pulec.com\/#\/schema\/logo\/image\/\",\"url\":\"https:\/\/pulec.com\/wp-content\/uploads\/2021\/02\/pulec-logo-splet.png\",\"contentUrl\":\"https:\/\/pulec.com\/wp-content\/uploads\/2021\/02\/pulec-logo-splet.png\",\"width\":376,\"height\":295,\"caption\":\"Vina Pulec \/ Pulec wines\"},\"image\":{\"@id\":\"https:\/\/pulec.com\/#\/schema\/logo\/image\/\"}}]}<\/script>\n<!-- \/ Yoast SEO plugin. -->","yoast_head_json":{"title":"Pinot gris - Pulec wines \/ Vina Pulec, Brda","robots":{"index":"index","follow":"follow","max-snippet":"max-snippet:-1","max-image-preview":"max-image-preview:large","max-video-preview":"max-video-preview:-1"},"canonical":"https:\/\/pulec.com\/de\/izdelek\/pinot-gris\/","og_locale":"de_DE","og_type":"article","og_title":"Pinot gris - Pulec wines \/ Vina Pulec, Brda","og_description":"Empfehlung: Als Aperitif und zu verschiedenen Vorspeisen mit Fleisch oder Fisch.","og_url":"https:\/\/pulec.com\/de\/izdelek\/pinot-gris\/","og_site_name":"Pulec wines \/ Vina Pulec, Brda","article_modified_time":"2021-05-10T12:15:37+00:00","og_image":[{"width":450,"height":1500,"url":"https:\/\/pulec.com\/wp-content\/uploads\/2021\/01\/Pulec-Sivi-pinot-0.75L-copy-1.jpg","type":"image\/jpeg"}],"twitter_card":"summary_large_image","twitter_misc":{"Gesch\u00e4tzte Lesezeit":"1\u00a0Minute"},"schema":{"@context":"https:\/\/schema.org","@graph":[{"@type":"WebPage","@id":"https:\/\/pulec.com\/de\/izdelek\/pinot-gris\/","url":"https:\/\/pulec.com\/de\/izdelek\/pinot-gris\/","name":"Pinot gris - Pulec wines \/ Vina Pulec, Brda","isPartOf":{"@id":"https:\/\/pulec.com\/#website"},"primaryImageOfPage":{"@id":"https:\/\/pulec.com\/de\/izdelek\/pinot-gris\/#primaryimage"},"image":{"@id":"https:\/\/pulec.com\/de\/izdelek\/pinot-gris\/#primaryimage"},"thumbnailUrl":"https:\/\/pulec.com\/wp-content\/uploads\/2021\/01\/Pulec-Sivi-pinot-0.75L-copy-1.jpg","datePublished":"2021-01-31T23:22:42+00:00","dateModified":"2021-05-10T12:15:37+00:00","breadcrumb":{"@id":"https:\/\/pulec.com\/de\/izdelek\/pinot-gris\/#breadcrumb"},"inLanguage":"de","potentialAction":[{"@type":"ReadAction","target":["https:\/\/pulec.com\/de\/izdelek\/pinot-gris\/"]}]},{"@type":"ImageObject","inLanguage":"de","@id":"https:\/\/pulec.com\/de\/izdelek\/pinot-gris\/#primaryimage","url":"https:\/\/pulec.com\/wp-content\/uploads\/2021\/01\/Pulec-Sivi-pinot-0.75L-copy-1.jpg","contentUrl":"https:\/\/pulec.com\/wp-content\/uploads\/2021\/01\/Pulec-Sivi-pinot-0.75L-copy-1.jpg","width":450,"height":1500},{"@type":"BreadcrumbList","@id":"https:\/\/pulec.com\/de\/izdelek\/pinot-gris\/#breadcrumb","itemListElement":[{"@type":"ListItem","position":1,"name":"Home","item":"https:\/\/pulec.com\/de\/"},{"@type":"ListItem","position":2,"name":"Trgovina","item":"https:\/\/pulec.com\/trgovina\/"},{"@type":"ListItem","position":3,"name":"Pinot gris"}]},{"@type":"WebSite","@id":"https:\/\/pulec.com\/#website","url":"https:\/\/pulec.com\/","name":"Pulec, vina &amp; posestvo \/ Pulec, wine &amp; estate","description":"","publisher":{"@id":"https:\/\/pulec.com\/#organization"},"potentialAction":[{"@type":"SearchAction","target":{"@type":"EntryPoint","urlTemplate":"https:\/\/pulec.com\/?s={search_term_string}"},"query-input":{"@type":"PropertyValueSpecification","valueRequired":true,"valueName":"search_term_string"}}],"inLanguage":"de"},{"@type":"Organization","@id":"https:\/\/pulec.com\/#organization","name":"Vina Pulec \/ Pulec wines","url":"https:\/\/pulec.com\/","logo":{"@type":"ImageObject","inLanguage":"de","@id":"https:\/\/pulec.com\/#\/schema\/logo\/image\/","url":"https:\/\/pulec.com\/wp-content\/uploads\/2021\/02\/pulec-logo-splet.png","contentUrl":"https:\/\/pulec.com\/wp-content\/uploads\/2021\/02\/pulec-logo-splet.png","width":376,"height":295,"caption":"Vina Pulec \/ Pulec wines"},"image":{"@id":"https:\/\/pulec.com\/#\/schema\/logo\/image\/"}}]}},"_links":{"self":[{"href":"https:\/\/pulec.com\/de\/wp-json\/wp\/v2\/product\/959","targetHints":{"allow":["GET"]}}],"collection":[{"href":"https:\/\/pulec.com\/de\/wp-json\/wp\/v2\/product"}],"about":[{"href":"https:\/\/pulec.com\/de\/wp-json\/wp\/v2\/types\/product"}],"wp:featuredmedia":[{"embeddable":true,"href":"https:\/\/pulec.com\/de\/wp-json\/wp\/v2\/media\/417"}],"wp:attachment":[{"href":"https:\/\/pulec.com\/de\/wp-json\/wp\/v2\/media?parent=959"}],"wp:term":[{"taxonomy":"product_brand","embeddable":true,"href":"https:\/\/pulec.com\/de\/wp-json\/wp\/v2\/product_brand?post=959"},{"taxonomy":"product_cat","embeddable":true,"href":"https:\/\/pulec.com\/de\/wp-json\/wp\/v2\/product_cat?post=959"},{"taxonomy":"product_tag","embeddable":true,"href":"https:\/\/pulec.com\/de\/wp-json\/wp\/v2\/product_tag?post=959"}],"curies":[{"name":"wp","href":"https:\/\/api.w.org\/{rel}","templated":true}]}}