{"id":596,"date":"2021-01-31T23:17:59","date_gmt":"2021-01-31T23:17:59","guid":{"rendered":"https:\/\/pulec.com\/izdelek\/rumena-rebula\/"},"modified":"2026-03-12T10:30:50","modified_gmt":"2026-03-12T10:30:50","slug":"ribolla-gialla","status":"publish","type":"product","link":"https:\/\/pulec.com\/it\/izdelek\/ribolla-gialla\/","title":{"rendered":"Ribolla gialla"},"content":{"rendered":"<p><strong>Vitigni:\u00a0ribolla gialla<\/strong><\/p>\n<p><strong>Vendemmia:\u00a0<\/strong>fine settembre<strong><br \/>\nGrado di dolcezza:\u00a0<\/strong>secco<\/p>\n<p><strong>Caratteristiche organolettiche:<br \/>\n<\/strong>Vino bianco dal colore giallo paglierino con sfumature dorate e dai profumi floreali e fragranti. La ribolla \u00e8 considerato uno dei vitigni autoctoni del Collio, perch\u00e9 coltivata in colline d\u00e0 ottimi risultati. Al palato si presenta fresca, leggera, con una buona acidit\u00e0.<\/p>\n<p>Annata: <em>2018<\/em><br \/>\nGradazione alcolica: <em>12,40 % vol.<\/em><\/p>\n","protected":false},"excerpt":{"rendered":"<p><strong>Abbinamenti consigliati:<br \/>\n<\/strong>Si propone piacevolmente come vino da aperitivo, accompagnando gli antipasti, specialmente i piatti a base di pesce.<\/p>\n","protected":false},"featured_media":412,"template":"","meta":{"_acf_changed":false},"product_brand":[],"product_cat":[19],"product_tag":[],"class_list":{"0":"post-596","1":"product","2":"type-product","3":"status-publish","4":"has-post-thumbnail","6":"product_cat-classic-white","8":"first","9":"instock","10":"taxable","11":"shipping-taxable","12":"purchasable","13":"product-type-variable"},"acf":[],"yoast_head":"<!-- This site is optimized with the Yoast SEO plugin v26.5 - https:\/\/yoast.com\/wordpress\/plugins\/seo\/ -->\n<title>Ribolla gialla - Pulec wines \/ Vina Pulec, Brda<\/title>\n<meta name=\"robots\" content=\"index, follow, max-snippet:-1, max-image-preview:large, max-video-preview:-1\" \/>\n<link rel=\"canonical\" href=\"https:\/\/pulec.com\/it\/izdelek\/ribolla-gialla\/\" \/>\n<meta property=\"og:locale\" content=\"it_IT\" \/>\n<meta property=\"og:type\" content=\"article\" \/>\n<meta property=\"og:title\" content=\"Ribolla gialla - Pulec wines \/ Vina Pulec, Brda\" \/>\n<meta property=\"og:description\" content=\"Abbinamenti consigliati: Si propone piacevolmente come vino da aperitivo, accompagnando gli antipasti, specialmente i piatti a base di pesce.\" \/>\n<meta property=\"og:url\" content=\"https:\/\/pulec.com\/it\/izdelek\/ribolla-gialla\/\" \/>\n<meta property=\"og:site_name\" content=\"Pulec wines \/ Vina Pulec, Brda\" \/>\n<meta property=\"article:modified_time\" content=\"2026-03-12T10:30:50+00:00\" \/>\n<meta property=\"og:image\" content=\"https:\/\/pulec.com\/wp-content\/uploads\/2021\/01\/Pulec-Rebula-0.75L-copy-1.jpg\" \/>\n\t<meta property=\"og:image:width\" content=\"450\" \/>\n\t<meta property=\"og:image:height\" content=\"1500\" \/>\n\t<meta property=\"og:image:type\" content=\"image\/jpeg\" \/>\n<meta name=\"twitter:card\" content=\"summary_large_image\" \/>\n<meta name=\"twitter:label1\" content=\"Tempo di lettura stimato\" \/>\n\t<meta name=\"twitter:data1\" content=\"1 minuto\" \/>\n<script type=\"application\/ld+json\" class=\"yoast-schema-graph\">{\"@context\":\"https:\/\/schema.org\",\"@graph\":[{\"@type\":\"WebPage\",\"@id\":\"https:\/\/pulec.com\/it\/izdelek\/ribolla-gialla\/\",\"url\":\"https:\/\/pulec.com\/it\/izdelek\/ribolla-gialla\/\",\"name\":\"Ribolla gialla - Pulec wines \/ Vina Pulec, Brda\",\"isPartOf\":{\"@id\":\"https:\/\/pulec.com\/#website\"},\"primaryImageOfPage\":{\"@id\":\"https:\/\/pulec.com\/it\/izdelek\/ribolla-gialla\/#primaryimage\"},\"image\":{\"@id\":\"https:\/\/pulec.com\/it\/izdelek\/ribolla-gialla\/#primaryimage\"},\"thumbnailUrl\":\"https:\/\/pulec.com\/wp-content\/uploads\/2021\/01\/Pulec-Rebula-0.75L-copy-1.jpg\",\"datePublished\":\"2021-01-31T23:17:59+00:00\",\"dateModified\":\"2026-03-12T10:30:50+00:00\",\"breadcrumb\":{\"@id\":\"https:\/\/pulec.com\/it\/izdelek\/ribolla-gialla\/#breadcrumb\"},\"inLanguage\":\"it-IT\",\"potentialAction\":[{\"@type\":\"ReadAction\",\"target\":[\"https:\/\/pulec.com\/it\/izdelek\/ribolla-gialla\/\"]}]},{\"@type\":\"ImageObject\",\"inLanguage\":\"it-IT\",\"@id\":\"https:\/\/pulec.com\/it\/izdelek\/ribolla-gialla\/#primaryimage\",\"url\":\"https:\/\/pulec.com\/wp-content\/uploads\/2021\/01\/Pulec-Rebula-0.75L-copy-1.jpg\",\"contentUrl\":\"https:\/\/pulec.com\/wp-content\/uploads\/2021\/01\/Pulec-Rebula-0.75L-copy-1.jpg\",\"width\":450,\"height\":1500},{\"@type\":\"BreadcrumbList\",\"@id\":\"https:\/\/pulec.com\/it\/izdelek\/ribolla-gialla\/#breadcrumb\",\"itemListElement\":[{\"@type\":\"ListItem\",\"position\":1,\"name\":\"Home\",\"item\":\"https:\/\/pulec.com\/it\/\"},{\"@type\":\"ListItem\",\"position\":2,\"name\":\"Trgovina\",\"item\":\"https:\/\/pulec.com\/trgovina\/\"},{\"@type\":\"ListItem\",\"position\":3,\"name\":\"Ribolla gialla\"}]},{\"@type\":\"WebSite\",\"@id\":\"https:\/\/pulec.com\/#website\",\"url\":\"https:\/\/pulec.com\/\",\"name\":\"Pulec, vina &amp; posestvo \/ Pulec, wine &amp; estate\",\"description\":\"\",\"publisher\":{\"@id\":\"https:\/\/pulec.com\/#organization\"},\"potentialAction\":[{\"@type\":\"SearchAction\",\"target\":{\"@type\":\"EntryPoint\",\"urlTemplate\":\"https:\/\/pulec.com\/?s={search_term_string}\"},\"query-input\":{\"@type\":\"PropertyValueSpecification\",\"valueRequired\":true,\"valueName\":\"search_term_string\"}}],\"inLanguage\":\"it-IT\"},{\"@type\":\"Organization\",\"@id\":\"https:\/\/pulec.com\/#organization\",\"name\":\"Vina Pulec \/ Pulec wines\",\"url\":\"https:\/\/pulec.com\/\",\"logo\":{\"@type\":\"ImageObject\",\"inLanguage\":\"it-IT\",\"@id\":\"https:\/\/pulec.com\/#\/schema\/logo\/image\/\",\"url\":\"https:\/\/pulec.com\/wp-content\/uploads\/2021\/02\/pulec-logo-splet.png\",\"contentUrl\":\"https:\/\/pulec.com\/wp-content\/uploads\/2021\/02\/pulec-logo-splet.png\",\"width\":376,\"height\":295,\"caption\":\"Vina Pulec \/ Pulec wines\"},\"image\":{\"@id\":\"https:\/\/pulec.com\/#\/schema\/logo\/image\/\"}}]}<\/script>\n<!-- \/ Yoast SEO plugin. -->","yoast_head_json":{"title":"Ribolla gialla - Pulec wines \/ Vina Pulec, Brda","robots":{"index":"index","follow":"follow","max-snippet":"max-snippet:-1","max-image-preview":"max-image-preview:large","max-video-preview":"max-video-preview:-1"},"canonical":"https:\/\/pulec.com\/it\/izdelek\/ribolla-gialla\/","og_locale":"it_IT","og_type":"article","og_title":"Ribolla gialla - Pulec wines \/ Vina Pulec, Brda","og_description":"Abbinamenti consigliati: Si propone piacevolmente come vino da aperitivo, accompagnando gli antipasti, specialmente i piatti a base di pesce.","og_url":"https:\/\/pulec.com\/it\/izdelek\/ribolla-gialla\/","og_site_name":"Pulec wines \/ Vina Pulec, Brda","article_modified_time":"2026-03-12T10:30:50+00:00","og_image":[{"width":450,"height":1500,"url":"https:\/\/pulec.com\/wp-content\/uploads\/2021\/01\/Pulec-Rebula-0.75L-copy-1.jpg","type":"image\/jpeg"}],"twitter_card":"summary_large_image","twitter_misc":{"Tempo di lettura stimato":"1 minuto"},"schema":{"@context":"https:\/\/schema.org","@graph":[{"@type":"WebPage","@id":"https:\/\/pulec.com\/it\/izdelek\/ribolla-gialla\/","url":"https:\/\/pulec.com\/it\/izdelek\/ribolla-gialla\/","name":"Ribolla gialla - Pulec wines \/ Vina Pulec, Brda","isPartOf":{"@id":"https:\/\/pulec.com\/#website"},"primaryImageOfPage":{"@id":"https:\/\/pulec.com\/it\/izdelek\/ribolla-gialla\/#primaryimage"},"image":{"@id":"https:\/\/pulec.com\/it\/izdelek\/ribolla-gialla\/#primaryimage"},"thumbnailUrl":"https:\/\/pulec.com\/wp-content\/uploads\/2021\/01\/Pulec-Rebula-0.75L-copy-1.jpg","datePublished":"2021-01-31T23:17:59+00:00","dateModified":"2026-03-12T10:30:50+00:00","breadcrumb":{"@id":"https:\/\/pulec.com\/it\/izdelek\/ribolla-gialla\/#breadcrumb"},"inLanguage":"it-IT","potentialAction":[{"@type":"ReadAction","target":["https:\/\/pulec.com\/it\/izdelek\/ribolla-gialla\/"]}]},{"@type":"ImageObject","inLanguage":"it-IT","@id":"https:\/\/pulec.com\/it\/izdelek\/ribolla-gialla\/#primaryimage","url":"https:\/\/pulec.com\/wp-content\/uploads\/2021\/01\/Pulec-Rebula-0.75L-copy-1.jpg","contentUrl":"https:\/\/pulec.com\/wp-content\/uploads\/2021\/01\/Pulec-Rebula-0.75L-copy-1.jpg","width":450,"height":1500},{"@type":"BreadcrumbList","@id":"https:\/\/pulec.com\/it\/izdelek\/ribolla-gialla\/#breadcrumb","itemListElement":[{"@type":"ListItem","position":1,"name":"Home","item":"https:\/\/pulec.com\/it\/"},{"@type":"ListItem","position":2,"name":"Trgovina","item":"https:\/\/pulec.com\/trgovina\/"},{"@type":"ListItem","position":3,"name":"Ribolla gialla"}]},{"@type":"WebSite","@id":"https:\/\/pulec.com\/#website","url":"https:\/\/pulec.com\/","name":"Pulec, vina &amp; posestvo \/ Pulec, wine &amp; estate","description":"","publisher":{"@id":"https:\/\/pulec.com\/#organization"},"potentialAction":[{"@type":"SearchAction","target":{"@type":"EntryPoint","urlTemplate":"https:\/\/pulec.com\/?s={search_term_string}"},"query-input":{"@type":"PropertyValueSpecification","valueRequired":true,"valueName":"search_term_string"}}],"inLanguage":"it-IT"},{"@type":"Organization","@id":"https:\/\/pulec.com\/#organization","name":"Vina Pulec \/ Pulec wines","url":"https:\/\/pulec.com\/","logo":{"@type":"ImageObject","inLanguage":"it-IT","@id":"https:\/\/pulec.com\/#\/schema\/logo\/image\/","url":"https:\/\/pulec.com\/wp-content\/uploads\/2021\/02\/pulec-logo-splet.png","contentUrl":"https:\/\/pulec.com\/wp-content\/uploads\/2021\/02\/pulec-logo-splet.png","width":376,"height":295,"caption":"Vina Pulec \/ Pulec wines"},"image":{"@id":"https:\/\/pulec.com\/#\/schema\/logo\/image\/"}}]}},"_links":{"self":[{"href":"https:\/\/pulec.com\/it\/wp-json\/wp\/v2\/product\/596","targetHints":{"allow":["GET"]}}],"collection":[{"href":"https:\/\/pulec.com\/it\/wp-json\/wp\/v2\/product"}],"about":[{"href":"https:\/\/pulec.com\/it\/wp-json\/wp\/v2\/types\/product"}],"wp:featuredmedia":[{"embeddable":true,"href":"https:\/\/pulec.com\/it\/wp-json\/wp\/v2\/media\/412"}],"wp:attachment":[{"href":"https:\/\/pulec.com\/it\/wp-json\/wp\/v2\/media?parent=596"}],"wp:term":[{"taxonomy":"product_brand","embeddable":true,"href":"https:\/\/pulec.com\/it\/wp-json\/wp\/v2\/product_brand?post=596"},{"taxonomy":"product_cat","embeddable":true,"href":"https:\/\/pulec.com\/it\/wp-json\/wp\/v2\/product_cat?post=596"},{"taxonomy":"product_tag","embeddable":true,"href":"https:\/\/pulec.com\/it\/wp-json\/wp\/v2\/product_tag?post=596"}],"curies":[{"name":"wp","href":"https:\/\/api.w.org\/{rel}","templated":true}]}}